{"id":110,"date":"2021-01-09T10:49:15","date_gmt":"2021-01-09T10:49:15","guid":{"rendered":"https:\/\/brueder-schoenfeld-forum.de\/?page_id=110"},"modified":"2026-02-04T10:57:39","modified_gmt":"2026-02-04T10:57:39","slug":"stolpersteine","status":"publish","type":"page","link":"https:\/\/brueder-schoenfeld-forum.de\/?page_id=110","title":{"rendered":"Stolpersteine"},"content":{"rendered":"\n<figure class=\"wp-block-image size-large\"><img loading=\"lazy\" width=\"1024\" height=\"313\" src=\"https:\/\/brueder-schoenfeld-forum.de\/wp-content\/uploads\/2021\/01\/Sonneberg_Stolpersteine-1024x313.jpg\" alt=\"\" class=\"wp-image-224\" srcset=\"https:\/\/brueder-schoenfeld-forum.de\/wp-content\/uploads\/2021\/01\/Sonneberg_Stolpersteine-1024x313.jpg 1024w, https:\/\/brueder-schoenfeld-forum.de\/wp-content\/uploads\/2021\/01\/Sonneberg_Stolpersteine-300x92.jpg 300w, https:\/\/brueder-schoenfeld-forum.de\/wp-content\/uploads\/2021\/01\/Sonneberg_Stolpersteine-768x235.jpg 768w, https:\/\/brueder-schoenfeld-forum.de\/wp-content\/uploads\/2021\/01\/Sonneberg_Stolpersteine-1536x470.jpg 1536w, https:\/\/brueder-schoenfeld-forum.de\/wp-content\/uploads\/2021\/01\/Sonneberg_Stolpersteine-2048x627.jpg 2048w\" sizes=\"(max-width: 1024px) 100vw, 1024px\" \/><\/figure>\n\n\n\n\n\n<p>In den Ortschaften der Stadt Maintal (D\u00f6rnigheim\/Bischofsheim\/Hochstadt\/Wachenbuchen) sind gegenw\u00e4rtig 88 Stolpersteine des K\u00fcnstlers Gunter Demnig verlegt, fast alle durch ihn selbst. Sie erinnern an verfolgte j\u00fcdische Familien bevor sie aus ihren Heimatorten geflohen sind oder vertrieben wurden. Die Namen sind nicht einmal die H\u00e4lfte derjenigen, die Anfang der 1930er Jahre der \u00f6rtlichen Irsaelitischen Gemeinde angeh\u00f6rten.<br><br>Die Orte der im Stadtgebiet verlegten Stolpersteine sind mithilfe der Apps <a rel=\"noreferrer noopener\" href=\"http:\/\/stolpersteine-guide.de\" data-type=\"URL\" data-id=\"stolpersteine-guide.de\" target=\"_blank\"><strong>Stolpersteine Guide<\/strong> <\/a>zu finden. Zus\u00e4tzlich gibt es eine <strong><a rel=\"noreferrer noopener\" href=\"https:\/\/de.wikipedia.org\/wiki\/Liste_der_Stolpersteine_in_Maintal_(Hessen)\" target=\"_blank\">Liste bei Wikipedia<\/a>.<\/strong><\/p>\n\n\n\n<p>Erinnert wird immer an die Gesamtheit der zusammen wohnenden Familienmitglieder, unabh\u00e4ngig davon, ob sie den Holocaust \u00fcberlebt haben.<\/p>\n","protected":false},"excerpt":{"rendered":"<p>In den Ortschaften der Stadt Maintal (D\u00f6rnigheim\/Bischofsheim\/Hochstadt\/Wachenbuchen) sind gegenw\u00e4rtig 88 Stolpersteine des K\u00fcnstlers Gunter Demnig verlegt, fast alle durch ihn selbst. Sie erinnern an verfolgte j\u00fcdische Familien bevor sie aus [&hellip;]<\/p>\n","protected":false},"author":1,"featured_media":0,"parent":0,"menu_order":0,"comment_status":"closed","ping_status":"closed","template":"","meta":{"_expiration-date-status":"","_expiration-date":1770199041,"_expiration-date-type":"draft","_expiration-date-categories":[],"_expiration-date-options":[]},"_links":{"self":[{"href":"https:\/\/brueder-schoenfeld-forum.de\/index.php?rest_route=\/wp\/v2\/pages\/110"}],"collection":[{"href":"https:\/\/brueder-schoenfeld-forum.de\/index.php?rest_route=\/wp\/v2\/pages"}],"about":[{"href":"https:\/\/brueder-schoenfeld-forum.de\/index.php?rest_route=\/wp\/v2\/types\/page"}],"author":[{"embeddable":true,"href":"https:\/\/brueder-schoenfeld-forum.de\/index.php?rest_route=\/wp\/v2\/users\/1"}],"replies":[{"embeddable":true,"href":"https:\/\/brueder-schoenfeld-forum.de\/index.php?rest_route=%2Fwp%2Fv2%2Fcomments&post=110"}],"version-history":[{"count":7,"href":"https:\/\/brueder-schoenfeld-forum.de\/index.php?rest_route=\/wp\/v2\/pages\/110\/revisions"}],"predecessor-version":[{"id":1593,"href":"https:\/\/brueder-schoenfeld-forum.de\/index.php?rest_route=\/wp\/v2\/pages\/110\/revisions\/1593"}],"wp:attachment":[{"href":"https:\/\/brueder-schoenfeld-forum.de\/index.php?rest_route=%2Fwp%2Fv2%2Fmedia&parent=110"}],"curies":[{"name":"wp","href":"https:\/\/api.w.org\/{rel}","templated":true}]}}