{"id":3,"date":"2021-01-08T10:38:45","date_gmt":"2021-01-08T10:38:45","guid":{"rendered":"https:\/\/brueder-schoenfeld-forum.de\/?page_id=3"},"modified":"2021-01-08T14:18:08","modified_gmt":"2021-01-08T14:18:08","slug":"privacy-policy","status":"publish","type":"page","link":"https:\/\/brueder-schoenfeld-forum.de\/?page_id=3","title":{"rendered":"Datenschutz"},"content":{"rendered":"\n<p>Erhebung personenbezogener Daten<\/p>\n\n\n\n<p>Zur Verwaltung der Mitgliedschaft werden im Aufnahmeverfahren folgende Daten erhoben<br><br>Name, Vorname<br>Anschrift<br>Telefon und E-Mail-Adresse<\/p>\n\n\n\n<p>Geburtsdatum (freiwillige Angabe)<br><br>H\u00f6he des Mitgliedsbeitrags und seine eventuelle Verkn\u00fcpfung mit Familienangeh\u00f6rigen<br><br>Kontoverbindung<\/p>\n\n\n\n<p><br>Ver\u00f6ffentlichung von Fotos, Tonaufnahmen oder Videos<\/p>\n\n\n\n<p>Foto-, Ton- und Videoaufnahmen, die ein allgemeines Veranstaltungsgeschehen wiedergeben, werden nicht gesondert angek\u00fcndigt.<\/p>\n\n\n\n<p>Werden Foto-, Ton- oder Videoaufnahmen auf bestimmte Personen bezogen, wird von diesen die Einwilligung eingeholt. Ausgenommen sind Personen des \u00f6ffentlichen Lebens und solche Personen, die zum Zwecke einer \u00f6ffentlichen Darstellung auftreten und dieses mit dem Verein oder einem Dritten vereinbart haben.<\/p>\n\n\n\n<p>Sollte der Verein Foto-, Ton- oder Videoaufnahmen verwenden oder ver\u00f6ffentlichen , f\u00fcr die eine Einwilligung nicht vorliegt, haben die Betroffenen das Recht auf unverz\u00fcgliche L\u00f6schung<\/p>\n\n\n\n<p><br>Webseitenanalyse<br><br>Sofern die f\u00fcr die Webseiten des Vereins verwendete Software eine Analyse des Nutzerverhaltens zul\u00e4sst, wird das weder vom Verein, noch durch einen vom Verein beauftragten Dritten ausgewertet.<\/p>\n","protected":false},"excerpt":{"rendered":"<p>Erhebung personenbezogener Daten Zur Verwaltung der Mitgliedschaft werden im Aufnahmeverfahren folgende Daten erhoben Name, VornameAnschriftTelefon und E-Mail-Adresse Geburtsdatum (freiwillige Angabe) H\u00f6he des Mitgliedsbeitrags und seine eventuelle Verkn\u00fcpfung mit Familienangeh\u00f6rigen Kontoverbindung [&hellip;]<\/p>\n","protected":false},"author":1,"featured_media":0,"parent":0,"menu_order":0,"comment_status":"closed","ping_status":"open","template":"","meta":{"_expiration-date-status":"","_expiration-date":0,"_expiration-date-type":"","_expiration-date-categories":[],"_expiration-date-options":[]},"_links":{"self":[{"href":"https:\/\/brueder-schoenfeld-forum.de\/index.php?rest_route=\/wp\/v2\/pages\/3"}],"collection":[{"href":"https:\/\/brueder-schoenfeld-forum.de\/index.php?rest_route=\/wp\/v2\/pages"}],"about":[{"href":"https:\/\/brueder-schoenfeld-forum.de\/index.php?rest_route=\/wp\/v2\/types\/page"}],"author":[{"embeddable":true,"href":"https:\/\/brueder-schoenfeld-forum.de\/index.php?rest_route=\/wp\/v2\/users\/1"}],"replies":[{"embeddable":true,"href":"https:\/\/brueder-schoenfeld-forum.de\/index.php?rest_route=%2Fwp%2Fv2%2Fcomments&post=3"}],"version-history":[{"count":3,"href":"https:\/\/brueder-schoenfeld-forum.de\/index.php?rest_route=\/wp\/v2\/pages\/3\/revisions"}],"predecessor-version":[{"id":38,"href":"https:\/\/brueder-schoenfeld-forum.de\/index.php?rest_route=\/wp\/v2\/pages\/3\/revisions\/38"}],"wp:attachment":[{"href":"https:\/\/brueder-schoenfeld-forum.de\/index.php?rest_route=%2Fwp%2Fv2%2Fmedia&parent=3"}],"curies":[{"name":"wp","href":"https:\/\/api.w.org\/{rel}","templated":true}]}}