{"id":308,"date":"2021-01-11T16:15:32","date_gmt":"2021-01-11T16:15:32","guid":{"rendered":"https:\/\/brueder-schoenfeld-forum.de\/?page_id=308"},"modified":"2021-01-21T20:46:31","modified_gmt":"2021-01-21T20:46:31","slug":"faq","status":"publish","type":"page","link":"https:\/\/brueder-schoenfeld-forum.de\/?page_id=308","title":{"rendered":"FAQ"},"content":{"rendered":"\n<p><strong>Die j\u00fcdischen Br\u00fcder Horst und Gerhard Sch\u00f6nfeld<\/strong> sind namensgebend f\u00fcr den Verein Br\u00fcder- Sch\u00f6nfeld-Forum e.V. Sie wohnten mit ihren Eltern, dem Gro\u00dfvater und zwei Tanten in der Frankfurter Stra\u00dfe von D\u00f6rnigheim, heute ein Stadtteil von Maintal (Hessen). In der NS-Zeit verloren alle Juden ihre wirtschaftliche Existenz. 1939 mussten auch die Sch\u00f6nfelds ihren Heimatort verlassen und sich eine Unterkunft im benachbarten Frankfurt am Main suchen. Wenige Wochen nach Beginn der Deportationen im Herbst 1941 wurden Hermann und Rosi Sch\u00f6nfeld mit ihren zwei S\u00f6hnen nach Kaunas in Litauen transportiert, wo sie im Fort IX mit fast 3000 Juden aus Berlin, M\u00fcnchen und Frankfurt am Main erschossen wurden.<\/p>\n\n\n\n<p><strong>Das Br\u00fcder-Sch\u00f6nfeld-Haus <\/strong>im Westen von Maintal-D\u00f6rnigheim ist nicht der Sitz des Vereins Br\u00fcder-Sch\u00f6nfeld-Forum e.V. Es handelt sich um ein ehemaliges Schulgeb\u00e4ude des Landkreises Main-Kinzig, das 1995 von der Stadt Maintal erworben wurde, um dort eine Kinder- und Jugendbetreuung langfristig sicherzustellen. Hinzu kamen weitere soziale und kulturelle Angebote.<\/p>\n\n\n\n<p>Die Namensgebung erfolgte 1997 anl\u00e4sslich eines&nbsp; Besuchs von \u00dcberlebenden der Shoah und ihrer Angeh\u00f6rigen in der Stadt Maintal. Im Eingangsbereich des Hauses wurde seinerzeit eine Gedenktafel angebracht.<\/p>\n\n\n\n<p><strong>Die Finanzierung der Vereinsarbeit <\/strong>wird durch Mitgliedsbeitr\u00e4ge und Spenden sowie&nbsp; j\u00e4hrliche Zuweisungen der Stadt Maintal gesichert. Bei umfangreicheren Projekten m\u00fcssen zus\u00e4tzlich Mittel eingeworben werden.<\/p>\n\n\n\n<p><strong>Die thematische Bandbreite der Vereinsarbeit<\/strong> geht \u00fcber die Erinnerung an die NS-Zeit weit hinaus: die Hilfe zur Integration der Zuwanderer, die Aufarbeitung der SED-Diktatur sowie die Immunisierung der Zivilgesellschaft gegen antidemokratische Tendenzen sind weitere Schwerpunkte der Veranstaltungs- und Projektarbeit.<\/p>\n","protected":false},"excerpt":{"rendered":"<p>Die j\u00fcdischen Br\u00fcder Horst und Gerhard Sch\u00f6nfeld sind namensgebend f\u00fcr den Verein Br\u00fcder- Sch\u00f6nfeld-Forum e.V. Sie wohnten mit ihren Eltern, dem Gro\u00dfvater und zwei Tanten in der Frankfurter Stra\u00dfe von [&hellip;]<\/p>\n","protected":false},"author":1,"featured_media":0,"parent":0,"menu_order":0,"comment_status":"closed","ping_status":"closed","template":"","meta":{"_expiration-date-status":"saved","_expiration-date":0,"_expiration-date-type":"","_expiration-date-categories":[],"_expiration-date-options":[]},"_links":{"self":[{"href":"https:\/\/brueder-schoenfeld-forum.de\/index.php?rest_route=\/wp\/v2\/pages\/308"}],"collection":[{"href":"https:\/\/brueder-schoenfeld-forum.de\/index.php?rest_route=\/wp\/v2\/pages"}],"about":[{"href":"https:\/\/brueder-schoenfeld-forum.de\/index.php?rest_route=\/wp\/v2\/types\/page"}],"author":[{"embeddable":true,"href":"https:\/\/brueder-schoenfeld-forum.de\/index.php?rest_route=\/wp\/v2\/users\/1"}],"replies":[{"embeddable":true,"href":"https:\/\/brueder-schoenfeld-forum.de\/index.php?rest_route=%2Fwp%2Fv2%2Fcomments&post=308"}],"version-history":[{"count":2,"href":"https:\/\/brueder-schoenfeld-forum.de\/index.php?rest_route=\/wp\/v2\/pages\/308\/revisions"}],"predecessor-version":[{"id":566,"href":"https:\/\/brueder-schoenfeld-forum.de\/index.php?rest_route=\/wp\/v2\/pages\/308\/revisions\/566"}],"wp:attachment":[{"href":"https:\/\/brueder-schoenfeld-forum.de\/index.php?rest_route=%2Fwp%2Fv2%2Fmedia&parent=308"}],"curies":[{"name":"wp","href":"https:\/\/api.w.org\/{rel}","templated":true}]}}