{"id":337,"date":"2021-01-12T09:38:01","date_gmt":"2021-01-12T09:38:01","guid":{"rendered":"https:\/\/brueder-schoenfeld-forum.de\/?page_id=337"},"modified":"2025-12-05T17:50:11","modified_gmt":"2025-12-05T17:50:11","slug":"aktiv-sein","status":"publish","type":"page","link":"https:\/\/brueder-schoenfeld-forum.de\/?page_id=337","title":{"rendered":"Aktiv werden"},"content":{"rendered":"\n<figure class=\"wp-block-image size-large\"><img loading=\"lazy\" width=\"755\" height=\"1024\" src=\"https:\/\/brueder-schoenfeld-forum.de\/wp-content\/uploads\/2021\/01\/Putzgruppe_Bihm-755x1024.jpg\" alt=\"\" class=\"wp-image-341\" srcset=\"https:\/\/brueder-schoenfeld-forum.de\/wp-content\/uploads\/2021\/01\/Putzgruppe_Bihm-755x1024.jpg 755w, https:\/\/brueder-schoenfeld-forum.de\/wp-content\/uploads\/2021\/01\/Putzgruppe_Bihm-221x300.jpg 221w, https:\/\/brueder-schoenfeld-forum.de\/wp-content\/uploads\/2021\/01\/Putzgruppe_Bihm-768x1041.jpg 768w, https:\/\/brueder-schoenfeld-forum.de\/wp-content\/uploads\/2021\/01\/Putzgruppe_Bihm-1133x1536.jpg 1133w, https:\/\/brueder-schoenfeld-forum.de\/wp-content\/uploads\/2021\/01\/Putzgruppe_Bihm-1510x2048.jpg 1510w, https:\/\/brueder-schoenfeld-forum.de\/wp-content\/uploads\/2021\/01\/Putzgruppe_Bihm-scaled.jpg 1888w\" sizes=\"(max-width: 755px) 100vw, 755px\" \/><\/figure>\n\n\n\n<p>Es gibt viele M\u00f6glichkeiten, sich zu engagieren:<\/p>\n\n\n\n<p>Zum Beispiel f\u00fcr die gelegentliche Reinigung eines oder mehrerer Stolpersteine, damit die Beschriftungen immer lesbar bleiben. Oder mit einer Recherche von Lebensl\u00e4ufen in online-Datenbanken. Oder als Expertin in Sachen Social Media.<\/p>\n\n\n\n<p>Wir freuen uns \u00fcber jede Lehrkraft, die wir bei Fahrten zu interessanten Orten der Zeitgeschichte oder bei Gespr\u00e4chen mit Zeitzeugen unterst\u00fctzen k\u00f6nnen.<\/p>\n\n\n\n<p>Nat\u00fcrlich kann man in unserem Verein auch <strong>Mitglied werden<\/strong>. Das ist weder kompliziert noch teuer. Aber keineswegs eine Vorbedingung f\u00fcr das Mitmachen.<\/p>\n\n\n\n<div class=\"wp-block-file\"><object class=\"wp-block-file__embed\" data=\"https:\/\/brueder-schoenfeld-forum.de\/wp-content\/uploads\/2025\/12\/Beitrittserklaerung.pdf\" type=\"application\/pdf\" style=\"width:100%;height:600px\" aria-label=\"Einbettung von Beitrittserkl\u00e4rung.\"><\/object><a id=\"wp-block-file--media-6ee0eb7a-4e98-4c19-95f7-042f582ff106\" href=\"https:\/\/brueder-schoenfeld-forum.de\/wp-content\/uploads\/2025\/12\/Beitrittserklaerung.pdf\">Beitrittserkl\u00e4rung<\/a><a href=\"https:\/\/brueder-schoenfeld-forum.de\/wp-content\/uploads\/2025\/12\/Beitrittserklaerung.pdf\" class=\"wp-block-file__button\" download aria-describedby=\"wp-block-file--media-6ee0eb7a-4e98-4c19-95f7-042f582ff106\">Herunterladen<\/a><\/div>\n","protected":false},"excerpt":{"rendered":"<p>Es gibt viele M\u00f6glichkeiten, sich zu engagieren: Zum Beispiel f\u00fcr die gelegentliche Reinigung eines oder mehrerer Stolpersteine, damit die Beschriftungen immer lesbar bleiben. Oder mit einer Recherche von Lebensl\u00e4ufen in [&hellip;]<\/p>\n","protected":false},"author":1,"featured_media":0,"parent":0,"menu_order":0,"comment_status":"closed","ping_status":"closed","template":"","meta":{"_expiration-date-status":"","_expiration-date":1669861114,"_expiration-date-type":"draft","_expiration-date-categories":[],"_expiration-date-options":[]},"_links":{"self":[{"href":"https:\/\/brueder-schoenfeld-forum.de\/index.php?rest_route=\/wp\/v2\/pages\/337"}],"collection":[{"href":"https:\/\/brueder-schoenfeld-forum.de\/index.php?rest_route=\/wp\/v2\/pages"}],"about":[{"href":"https:\/\/brueder-schoenfeld-forum.de\/index.php?rest_route=\/wp\/v2\/types\/page"}],"author":[{"embeddable":true,"href":"https:\/\/brueder-schoenfeld-forum.de\/index.php?rest_route=\/wp\/v2\/users\/1"}],"replies":[{"embeddable":true,"href":"https:\/\/brueder-schoenfeld-forum.de\/index.php?rest_route=%2Fwp%2Fv2%2Fcomments&post=337"}],"version-history":[{"count":18,"href":"https:\/\/brueder-schoenfeld-forum.de\/index.php?rest_route=\/wp\/v2\/pages\/337\/revisions"}],"predecessor-version":[{"id":1570,"href":"https:\/\/brueder-schoenfeld-forum.de\/index.php?rest_route=\/wp\/v2\/pages\/337\/revisions\/1570"}],"wp:attachment":[{"href":"https:\/\/brueder-schoenfeld-forum.de\/index.php?rest_route=%2Fwp%2Fv2%2Fmedia&parent=337"}],"curies":[{"name":"wp","href":"https:\/\/api.w.org\/{rel}","templated":true}]}}