{"id":348,"date":"2021-01-12T10:31:19","date_gmt":"2021-01-12T10:31:19","guid":{"rendered":"https:\/\/brueder-schoenfeld-forum.de\/?page_id=348"},"modified":"2025-07-15T08:14:35","modified_gmt":"2025-07-15T08:14:35","slug":"archiv","status":"publish","type":"page","link":"https:\/\/brueder-schoenfeld-forum.de\/?page_id=348","title":{"rendered":"Archiv"},"content":{"rendered":"\n<p>Archiv der Veranstaltungen und Ereignisse nach Jahren<\/p>\n\n\n<ul class=\"wp-block-categories-list wp-block-categories\">\t<li class=\"cat-item cat-item-18\"><a href=\"https:\/\/brueder-schoenfeld-forum.de\/?cat=18\">1997<\/a>\n<\/li>\n\t<li class=\"cat-item cat-item-19\"><a href=\"https:\/\/brueder-schoenfeld-forum.de\/?cat=19\">2009<\/a>\n<\/li>\n\t<li class=\"cat-item cat-item-22\"><a href=\"https:\/\/brueder-schoenfeld-forum.de\/?cat=22\">2014<\/a>\n<\/li>\n\t<li class=\"cat-item cat-item-21\"><a href=\"https:\/\/brueder-schoenfeld-forum.de\/?cat=21\">2015<\/a>\n<\/li>\n\t<li class=\"cat-item cat-item-20\"><a href=\"https:\/\/brueder-schoenfeld-forum.de\/?cat=20\">2016<\/a>\n<\/li>\n\t<li class=\"cat-item cat-item-11\"><a href=\"https:\/\/brueder-schoenfeld-forum.de\/?cat=11\" title=\"Veranstaltungen und Ereignisse 2017\">2017<\/a>\n<\/li>\n\t<li class=\"cat-item cat-item-10\"><a href=\"https:\/\/brueder-schoenfeld-forum.de\/?cat=10\" title=\"Veranstaltungen und Ereigenisse 2018\">2018<\/a>\n<\/li>\n\t<li class=\"cat-item cat-item-9\"><a href=\"https:\/\/brueder-schoenfeld-forum.de\/?cat=9\" title=\"Veranstaltungen und Ereignisse 2019\">2019<\/a>\n<\/li>\n\t<li class=\"cat-item cat-item-8\"><a href=\"https:\/\/brueder-schoenfeld-forum.de\/?cat=8\" title=\"Veranstaltungen und Ereignisse 2020\">2020<\/a>\n<\/li>\n\t<li class=\"cat-item cat-item-6\"><a href=\"https:\/\/brueder-schoenfeld-forum.de\/?cat=6\" title=\"Veranstaltungen und Ereignisse 2021\r\n\">2021<\/a>\n<\/li>\n\t<li class=\"cat-item cat-item-26\"><a href=\"https:\/\/brueder-schoenfeld-forum.de\/?cat=26\" title=\"Veranstaltungen und Ereignisse 2022\">2022<\/a>\n<\/li>\n\t<li class=\"cat-item cat-item-27\"><a href=\"https:\/\/brueder-schoenfeld-forum.de\/?cat=27\" title=\"Veranstaltungen und Ereignisse 2023\">2023<\/a>\n<\/li>\n\t<li class=\"cat-item cat-item-28\"><a href=\"https:\/\/brueder-schoenfeld-forum.de\/?cat=28\">2024<\/a>\n<\/li>\n\t<li class=\"cat-item cat-item-29\"><a href=\"https:\/\/brueder-schoenfeld-forum.de\/?cat=29\">2025<\/a>\n<\/li>\n\t<li class=\"cat-item cat-item-1\"><a href=\"https:\/\/brueder-schoenfeld-forum.de\/?cat=1\" title=\"Nicht einem Kalenderjahr zugeordnet\">Sonstige<\/a>\n<\/li>\n<\/ul>\n\n\n<p>Hinweis: Die hier ver\u00f6ffentlichten Beitr\u00e4ge bilden nicht alle bisherigen Aktivit\u00e4ten des Vereins ab. Fehlende Jahrg\u00e4nge und unvollst\u00e4ndige Beitr\u00e4ge werden im Laufe der Zeit erg\u00e4nzt.<\/p>\n","protected":false},"excerpt":{"rendered":"<p>Archiv der Veranstaltungen und Ereignisse nach Jahren Hinweis: Die hier ver\u00f6ffentlichten Beitr\u00e4ge bilden nicht alle bisherigen Aktivit\u00e4ten des Vereins ab. Fehlende Jahrg\u00e4nge und unvollst\u00e4ndige Beitr\u00e4ge werden im Laufe der Zeit [&hellip;]<\/p>\n","protected":false},"author":1,"featured_media":0,"parent":0,"menu_order":0,"comment_status":"closed","ping_status":"closed","template":"","meta":{"_expiration-date-status":"","_expiration-date":1752484634,"_expiration-date-type":"draft","_expiration-date-categories":[],"_expiration-date-options":[]},"_links":{"self":[{"href":"https:\/\/brueder-schoenfeld-forum.de\/index.php?rest_route=\/wp\/v2\/pages\/348"}],"collection":[{"href":"https:\/\/brueder-schoenfeld-forum.de\/index.php?rest_route=\/wp\/v2\/pages"}],"about":[{"href":"https:\/\/brueder-schoenfeld-forum.de\/index.php?rest_route=\/wp\/v2\/types\/page"}],"author":[{"embeddable":true,"href":"https:\/\/brueder-schoenfeld-forum.de\/index.php?rest_route=\/wp\/v2\/users\/1"}],"replies":[{"embeddable":true,"href":"https:\/\/brueder-schoenfeld-forum.de\/index.php?rest_route=%2Fwp%2Fv2%2Fcomments&post=348"}],"version-history":[{"count":7,"href":"https:\/\/brueder-schoenfeld-forum.de\/index.php?rest_route=\/wp\/v2\/pages\/348\/revisions"}],"predecessor-version":[{"id":1430,"href":"https:\/\/brueder-schoenfeld-forum.de\/index.php?rest_route=\/wp\/v2\/pages\/348\/revisions\/1430"}],"wp:attachment":[{"href":"https:\/\/brueder-schoenfeld-forum.de\/index.php?rest_route=%2Fwp%2Fv2%2Fmedia&parent=348"}],"curies":[{"name":"wp","href":"https:\/\/api.w.org\/{rel}","templated":true}]}}