{"id":39,"date":"2021-01-08T14:22:02","date_gmt":"2021-01-08T14:22:02","guid":{"rendered":"https:\/\/brueder-schoenfeld-forum.de\/?page_id=39"},"modified":"2024-02-18T13:24:12","modified_gmt":"2024-02-18T13:24:12","slug":"impressum","status":"publish","type":"page","link":"https:\/\/brueder-schoenfeld-forum.de\/?page_id=39","title":{"rendered":"Impressum"},"content":{"rendered":"\n<p>Br\u00fcder-Sch\u00f6nfeld-Forum e.V.<br>Vereinsregister Hanau VR 31 791<br><br>63477 Maintal<br>Eichenheege 12 B<\/p>\n\n\n\n<p>Vertretungsberechtigt sind<br>je zwei der Vorstandsmitglieder<\/p>\n\n\n\n<p>1. Vorsitzender Herbert Begemann, Maintal<br>2. Vorsitzender Dr. Heinrich Jacob, Maintal<br>Kassierer Eberhard Seipp, Bad Vilbel<\/p>\n\n\n\n<p>Weiteres Mitglied im Vorstand:<br>Brigitte Begemann, Maintal<br><br><\/p>\n\n\n\n<p>Soweit f\u00fcr die Bildrechte nichts anderes vermerkt ist,<br>liegen diese beim Verein Br\u00fcder-Sch\u00f6nfeld-Forum e.V.<br><\/p>\n\n\n\n<p>Soweit nichts anderes vermerkt ist, zeichnet f\u00fcr Texte, die dem<br>Rundfunkstaatsvertrag oder dem Telemediengesetz unterliegen verantwortlich:<br>Herbert Begemann, Eichenheege 12 B, D-63477 Maintal:<\/p>\n","protected":false},"excerpt":{"rendered":"<p>Br\u00fcder-Sch\u00f6nfeld-Forum e.V.Vereinsregister Hanau VR 31 791 63477 MaintalEichenheege 12 B Vertretungsberechtigt sindje zwei der Vorstandsmitglieder 1. Vorsitzender Herbert Begemann, Maintal2. Vorsitzender Dr. Heinrich Jacob, MaintalKassierer Eberhard Seipp, Bad Vilbel Weiteres [&hellip;]<\/p>\n","protected":false},"author":1,"featured_media":0,"parent":0,"menu_order":0,"comment_status":"closed","ping_status":"closed","template":"","meta":{"_expiration-date-status":"","_expiration-date":1648185896,"_expiration-date-type":"draft","_expiration-date-categories":[],"_expiration-date-options":[]},"_links":{"self":[{"href":"https:\/\/brueder-schoenfeld-forum.de\/index.php?rest_route=\/wp\/v2\/pages\/39"}],"collection":[{"href":"https:\/\/brueder-schoenfeld-forum.de\/index.php?rest_route=\/wp\/v2\/pages"}],"about":[{"href":"https:\/\/brueder-schoenfeld-forum.de\/index.php?rest_route=\/wp\/v2\/types\/page"}],"author":[{"embeddable":true,"href":"https:\/\/brueder-schoenfeld-forum.de\/index.php?rest_route=\/wp\/v2\/users\/1"}],"replies":[{"embeddable":true,"href":"https:\/\/brueder-schoenfeld-forum.de\/index.php?rest_route=%2Fwp%2Fv2%2Fcomments&post=39"}],"version-history":[{"count":5,"href":"https:\/\/brueder-schoenfeld-forum.de\/index.php?rest_route=\/wp\/v2\/pages\/39\/revisions"}],"predecessor-version":[{"id":1167,"href":"https:\/\/brueder-schoenfeld-forum.de\/index.php?rest_route=\/wp\/v2\/pages\/39\/revisions\/1167"}],"wp:attachment":[{"href":"https:\/\/brueder-schoenfeld-forum.de\/index.php?rest_route=%2Fwp%2Fv2%2Fmedia&parent=39"}],"curies":[{"name":"wp","href":"https:\/\/api.w.org\/{rel}","templated":true}]}}